{"id":43,"date":"2024-12-24T13:30:27","date_gmt":"2024-12-24T13:30:27","guid":{"rendered":"https:\/\/saidtahsin.com\/fr\/?page_id=43"},"modified":"2026-05-08T08:08:41","modified_gmt":"2026-05-08T08:08:41","slug":"said-tahsin-1904-1985","status":"publish","type":"page","link":"https:\/\/saidtahsin.com\/fr\/","title":{"rendered":"SAID TAHSIN (1904-1985)"},"content":{"rendered":"\n<p><em><strong>Je suis reconnaissant pour mon imagination et je la consid\u00e8re comme la plus grande b\u00e9n\u00e9diction que Dieu m\u2019ait accord\u00e9e.<\/strong><\/em><\/p>\n\n\n\n<div class=\"wp-block-columns alignwide are-vertically-aligned-center is-layout-flex wp-container-core-columns-is-layout-7cbf723b wp-block-columns-is-layout-flex\" style=\"padding-top:0;padding-right:0;padding-bottom:0;padding-left:0\">\n<div class=\"wp-block-column is-vertically-aligned-center is-layout-flow wp-block-column-is-layout-flow\" style=\"flex-basis:30%\">\n<h2 class=\"wp-block-heading has-text-align-center has-large-font-size\">Said TAHSIN<\/h2>\n\n\n\n<p class=\"has-text-align-center\"><em><strong><em><strong>L\u2019Esprit des Couleurs de Damas<\/strong><\/em><\/strong><\/em><\/p>\n\n\n\n<p class=\"has-text-align-center\" style=\"margin-top:16px\">L\u2019H\u00e9ritage de l\u2019un des premiers peintres du Proche-Orient<\/p>\n\n\n\n<div class=\"wp-block-buttons is-content-justification-center is-layout-flex wp-container-core-buttons-is-layout-d8c0be80 wp-block-buttons-is-layout-flex\" style=\"margin-top:var(--wp--preset--spacing--40)\">\n<div class=\"wp-block-button\"><a class=\"wp-block-button__link wp-element-button\" href=\"https:\/\/saidtahsin.com\/fr\/boutique\/\">Acheter votre livre Maintenant<\/a><\/div>\n<\/div>\n\n\n\n<p class=\"has-text-align-center\"><strong><em><strong><em>Date de Publication: Avril 2026<\/em><\/strong><\/em><\/strong><\/p>\n<\/div>\n\n\n\n<div class=\"wp-block-column is-vertically-aligned-center is-layout-flow wp-block-column-is-layout-flow\" style=\"flex-basis:70%\">\n<figure class=\"wp-block-image size-full\"><img decoding=\"async\" src=\"https:\/\/saidtahsin.com\/wp-content\/uploads\/2026\/04\/cover.jpg\" alt=\"\" class=\"wp-image-241\"\/><\/figure>\n<\/div>\n<\/div>\n\n\n\n<div class=\"wp-block-columns is-layout-flex wp-container-core-columns-is-layout-28f84493 wp-block-columns-is-layout-flex\">\n<div class=\"wp-block-column is-layout-flow wp-block-column-is-layout-flow\">\n<figure class=\"wp-block-image size-full\"><img decoding=\"async\" src=\"https:\/\/saidtahsin.com\/wp-content\/uploads\/2026\/05\/WhatsApp-Image-2026-05-04-at-10.15.53-1.jpeg\" alt=\"\" class=\"wp-image-285\"\/><\/figure>\n<\/div>\n\n\n\n<div class=\"wp-block-column is-layout-flow wp-block-column-is-layout-flow\">\n<figure class=\"wp-block-image size-full\"><img decoding=\"async\" src=\"https:\/\/saidtahsin.com\/wp-content\/uploads\/2026\/05\/WhatsApp-Image-2026-05-04-at-10.16.20-1.jpeg\" alt=\"\" class=\"wp-image-286\"\/><\/figure>\n<\/div>\n\n\n\n<div class=\"wp-block-column is-layout-flow wp-block-column-is-layout-flow\">\n<figure class=\"wp-block-image size-full\"><img decoding=\"async\" src=\"https:\/\/saidtahsin.com\/wp-content\/uploads\/2026\/05\/WhatsApp-Image-2026-05-04-at-10.17.14-1.jpeg\" alt=\"\" class=\"wp-image-287\"\/><\/figure>\n<\/div>\n<\/div>\n\n\n\n<p class=\"has-text-align-center\"><br>Dans un moment qui m\u00eale pr\u00e9cision et h\u00e9ritage, Samir Aita, le petit-fils de l\u2019artiste, perp\u00e9tue une tradition familiale pleine de sens en authentifiant l\u2019\u00e9dition Gold du livre d\u2019art. Le processus commence par l\u2019apposition minutieuse d\u2019un tampon traditionnel sur les premi\u00e8res pages \u2014 un geste charg\u00e9 d\u2019histoire et de signification.<br>Il signe ensuite le livre \u00e0 la main, ajoutant une touche personnelle qui fait le lien entre le pass\u00e9 et le pr\u00e9sent. Lors de l\u2019\u00e9tape finale, il prend un moment pour examiner l\u2019ouvrage, veillant \u00e0 ce que chaque d\u00e9tail pr\u00e9serve l\u2019esprit et l\u2019authenticit\u00e9 de l\u2019h\u00e9ritage de son grand-p\u00e8re.<\/p>\n\n\n\n<div class=\"wp-block-columns is-layout-flex wp-container-core-columns-is-layout-28f84493 wp-block-columns-is-layout-flex\">\n<div class=\"wp-block-column is-layout-flow wp-block-column-is-layout-flow\" style=\"flex-basis:66.66%\">\n<figure class=\"wp-block-image size-full\"><img decoding=\"async\" src=\"https:\/\/saidtahsin.com\/wp-content\/uploads\/2026\/05\/WhatsApp-Image-2026-05-04-at-10.13.01.jpeg\" alt=\"\" class=\"wp-image-293\"\/><\/figure>\n<\/div>\n\n\n\n<div class=\"wp-block-column is-vertically-aligned-center is-layout-flow wp-block-column-is-layout-flow\" style=\"flex-basis:33.33%\">\n<p class=\"has-text-align-center\"><strong>\u00ab<em>Voici une des salles traditionnelles de l&rsquo;aristocratie damascaine, avec son int\u00e9rieur exquis de meubles et de boiseries incrust\u00e9es, o\u00f9 dominent le rouge, le vert et l&rsquo;or. Des inscriptions coraniques ornent les lambris. Un marbre, aux couleurs et \u00e0 la beaut\u00e9 rares, forme le plancher et le bassin de la cour attenante, o\u00f9 l&rsquo;on sent la fra\u00eecheur et la verdure. Assis sur les divans garnis de coussins qui sont une caract\u00e9ristique des meubles arabes, h\u00f4tes et invit\u00e9s conservent. Tout ce fin travail est l&rsquo;\u0153uvre d&rsquo;artisans locaux<\/em>\u00bb.<\/strong><\/p>\n\n\n\n<p class=\"has-text-align-center\"><strong>Said TAHSIN, Peintures de l&rsquo;Orient, 1948<\/strong><\/p>\n\n\n\n<div class=\"wp-block-buttons is-content-justification-center is-layout-flex wp-container-core-buttons-is-layout-a89b3969 wp-block-buttons-is-layout-flex\">\n<div class=\"wp-block-button is-style-primary\"><a class=\"wp-block-button__link wp-element-button\" href=\"https:\/\/saidtahsin.com\/fr\/boutique\/\">Acheter votre livre Maintenant<\/a><\/div>\n<\/div>\n<\/div>\n<\/div>\n\n\n\n<p><\/p>\n","protected":false},"excerpt":{"rendered":"<p>Je suis reconnaissant pour mon imagination et je la consid\u00e8re comme la plus grande b\u00e9n\u00e9diction que Dieu m\u2019ait accord\u00e9e. Said [&hellip;]<\/p>\n","protected":false},"author":1,"featured_media":0,"parent":0,"menu_order":0,"comment_status":"closed","ping_status":"closed","template":"","meta":{"site-sidebar-layout":"default","site-content-layout":"","ast-site-content-layout":"","site-content-style":"default","site-sidebar-style":"default","ast-global-header-display":"","ast-banner-title-visibility":"","ast-main-header-display":"","ast-hfb-above-header-display":"","ast-hfb-below-header-display":"","ast-hfb-mobile-header-display":"","site-post-title":"","ast-breadcrumbs-content":"","ast-featured-img":"","footer-sml-layout":"","theme-transparent-header-meta":"","adv-header-id-meta":"","stick-header-meta":"","header-above-stick-meta":"","header-main-stick-meta":"","header-below-stick-meta":"","astra-migrate-meta-layouts":"default","ast-page-background-enabled":"default","ast-page-background-meta":{"desktop":{"background-color":"var(--ast-global-color-4)","background-image":"","background-repeat":"repeat","background-position":"center center","background-size":"auto","background-attachment":"scroll","background-type":"","background-media":"","overlay-type":"","overlay-color":"","overlay-opacity":"","overlay-gradient":""},"tablet":{"background-color":"","background-image":"","background-repeat":"repeat","background-position":"center center","background-size":"auto","background-attachment":"scroll","background-type":"","background-media":"","overlay-type":"","overlay-color":"","overlay-opacity":"","overlay-gradient":""},"mobile":{"background-color":"","background-image":"","background-repeat":"repeat","background-position":"center center","background-size":"auto","background-attachment":"scroll","background-type":"","background-media":"","overlay-type":"","overlay-color":"","overlay-opacity":"","overlay-gradient":""}},"ast-content-background-meta":{"desktop":{"background-color":"var(--ast-global-color-5)","background-image":"","background-repeat":"repeat","background-position":"center center","background-size":"auto","background-attachment":"scroll","background-type":"","background-media":"","overlay-type":"","overlay-color":"","overlay-opacity":"","overlay-gradient":""},"tablet":{"background-color":"var(--ast-global-color-5)","background-image":"","background-repeat":"repeat","background-position":"center center","background-size":"auto","background-attachment":"scroll","background-type":"","background-media":"","overlay-type":"","overlay-color":"","overlay-opacity":"","overlay-gradient":""},"mobile":{"background-color":"var(--ast-global-color-5)","background-image":"","background-repeat":"repeat","background-position":"center center","background-size":"auto","background-attachment":"scroll","background-type":"","background-media":"","overlay-type":"","overlay-color":"","overlay-opacity":"","overlay-gradient":""}},"_themeisle_gutenberg_block_has_review":false,"footnotes":""},"class_list":["post-43","page","type-page","status-publish","hentry"],"_links":{"self":[{"href":"https:\/\/saidtahsin.com\/fr\/wp-json\/wp\/v2\/pages\/43","targetHints":{"allow":["GET"]}}],"collection":[{"href":"https:\/\/saidtahsin.com\/fr\/wp-json\/wp\/v2\/pages"}],"about":[{"href":"https:\/\/saidtahsin.com\/fr\/wp-json\/wp\/v2\/types\/page"}],"author":[{"embeddable":true,"href":"https:\/\/saidtahsin.com\/fr\/wp-json\/wp\/v2\/users\/1"}],"replies":[{"embeddable":true,"href":"https:\/\/saidtahsin.com\/fr\/wp-json\/wp\/v2\/comments?post=43"}],"version-history":[{"count":27,"href":"https:\/\/saidtahsin.com\/fr\/wp-json\/wp\/v2\/pages\/43\/revisions"}],"predecessor-version":[{"id":319,"href":"https:\/\/saidtahsin.com\/fr\/wp-json\/wp\/v2\/pages\/43\/revisions\/319"}],"wp:attachment":[{"href":"https:\/\/saidtahsin.com\/fr\/wp-json\/wp\/v2\/media?parent=43"}],"curies":[{"name":"wp","href":"https:\/\/api.w.org\/{rel}","templated":true}]}}