{"id":77,"date":"2024-12-24T20:42:35","date_gmt":"2024-12-24T20:42:35","guid":{"rendered":"https:\/\/saidtahsin.com\/fr\/?page_id=77"},"modified":"2024-12-25T19:46:14","modified_gmt":"2024-12-25T19:46:14","slug":"life-periods","status":"publish","type":"page","link":"https:\/\/saidtahsin.com\/fr\/life-periods\/","title":{"rendered":"Les P\u00e9riodes de sa Vie"},"content":{"rendered":"\n<p><strong>LES DIFFERENTES PERIODES DE LA VIE ET DE L&rsquo;ART DE SAID TAHSIN<\/strong><br>Said TAHSIN a v\u00e9cu en Syrie, au Liban, en Irak et en \u00c9gypte. Il a visit\u00e9 l\u2019Europe occidentale, la Russie, la Chine et les \u00c9tats-Unis.<\/p>\n\n\n\n<p><strong><em><span class=\"highlight\">Sa P\u00e9riode des D\u00e9buts \u00e0 Damas  (1904-1925)<\/span><\/em><\/strong><\/p>\n\n\n\n<figure class=\"wp-block-image size-full is-resized\"><img loading=\"lazy\" decoding=\"async\" width=\"686\" height=\"246\" src=\"https:\/\/saidtahsin.com\/fr\/wp-content\/uploads\/2024\/12\/Damascus-1-1.jpg\" alt=\"\" class=\"wp-image-80\" style=\"width:1198px;height:auto\" srcset=\"https:\/\/saidtahsin.com\/fr\/wp-content\/uploads\/2024\/12\/Damascus-1-1.jpg 686w, https:\/\/saidtahsin.com\/fr\/wp-content\/uploads\/2024\/12\/Damascus-1-1-300x108.jpg 300w\" sizes=\"auto, (max-width: 686px) 100vw, 686px\" \/><\/figure>\n\n\n\n<p><strong><em><span class=\"highlight\">Beyrouth et sa Premi\u00e8re Ecole de Peinture (1925-1928)<\/span><\/em><\/strong><\/p>\n\n\n\n<figure class=\"wp-block-image size-large is-resized\"><img loading=\"lazy\" decoding=\"async\" width=\"1024\" height=\"368\" src=\"https:\/\/saidtahsin.com\/fr\/wp-content\/uploads\/2024\/12\/Beirut-1024x368.jpg\" alt=\"\" class=\"wp-image-83\" style=\"width:1197px;height:auto\" srcset=\"https:\/\/saidtahsin.com\/fr\/wp-content\/uploads\/2024\/12\/Beirut-1024x368.jpg 1024w, https:\/\/saidtahsin.com\/fr\/wp-content\/uploads\/2024\/12\/Beirut-300x108.jpg 300w, https:\/\/saidtahsin.com\/fr\/wp-content\/uploads\/2024\/12\/Beirut-768x276.jpg 768w, https:\/\/saidtahsin.com\/fr\/wp-content\/uploads\/2024\/12\/Beirut.jpg 1309w\" sizes=\"auto, (max-width: 1024px) 100vw, 1024px\" \/><\/figure>\n\n\n\n<p><strong><span class=\"highlight\"><em>Damas sans Horizons (1928-1934)<\/em><\/span><\/strong><\/p>\n\n\n\n<figure class=\"wp-block-image size-large is-resized\"><img loading=\"lazy\" decoding=\"async\" width=\"1024\" height=\"385\" src=\"https:\/\/saidtahsin.com\/fr\/wp-content\/uploads\/2024\/12\/Damascus-2-1024x385.jpg\" alt=\"\" class=\"wp-image-85\" style=\"width:1199px;height:auto\" srcset=\"https:\/\/saidtahsin.com\/fr\/wp-content\/uploads\/2024\/12\/Damascus-2-1024x385.jpg 1024w, https:\/\/saidtahsin.com\/fr\/wp-content\/uploads\/2024\/12\/Damascus-2-300x113.jpg 300w, https:\/\/saidtahsin.com\/fr\/wp-content\/uploads\/2024\/12\/Damascus-2-768x289.jpg 768w, https:\/\/saidtahsin.com\/fr\/wp-content\/uploads\/2024\/12\/Damascus-2.jpg 1351w\" sizes=\"auto, (max-width: 1024px) 100vw, 1024px\" \/><\/figure>\n\n\n\n<p><strong><span class=\"highlight\"><em>Enseigner l&rsquo;Art en Iraq (1934-1941)<\/em><\/span><\/strong><\/p>\n\n\n\n<figure class=\"wp-block-image size-large is-resized\"><img loading=\"lazy\" decoding=\"async\" width=\"1024\" height=\"358\" src=\"https:\/\/saidtahsin.com\/fr\/wp-content\/uploads\/2024\/12\/Iraq1-1024x358.jpg\" alt=\"\" class=\"wp-image-113\" style=\"width:1200px;height:auto\" srcset=\"https:\/\/saidtahsin.com\/fr\/wp-content\/uploads\/2024\/12\/Iraq1-1024x358.jpg 1024w, https:\/\/saidtahsin.com\/fr\/wp-content\/uploads\/2024\/12\/Iraq1-300x105.jpg 300w, https:\/\/saidtahsin.com\/fr\/wp-content\/uploads\/2024\/12\/Iraq1-768x269.jpg 768w, https:\/\/saidtahsin.com\/fr\/wp-content\/uploads\/2024\/12\/Iraq1.jpg 1255w\" sizes=\"auto, (max-width: 1024px) 100vw, 1024px\" \/><\/figure>\n\n\n\n<p><strong><span class=\"highlight\"><em>La Syrie \u00e0 Nouveau Comme Artiste Reconnu (1941-1948)<\/em><\/span><\/strong><\/p>\n\n\n\n<figure class=\"wp-block-image size-large is-resized\"><img loading=\"lazy\" decoding=\"async\" width=\"1024\" height=\"367\" src=\"https:\/\/saidtahsin.com\/fr\/wp-content\/uploads\/2024\/12\/Damascus-40s-1024x367.jpg\" alt=\"\" class=\"wp-image-115\" style=\"width:1200px;height:auto\" srcset=\"https:\/\/saidtahsin.com\/fr\/wp-content\/uploads\/2024\/12\/Damascus-40s-1024x367.jpg 1024w, https:\/\/saidtahsin.com\/fr\/wp-content\/uploads\/2024\/12\/Damascus-40s-300x108.jpg 300w, https:\/\/saidtahsin.com\/fr\/wp-content\/uploads\/2024\/12\/Damascus-40s-768x275.jpg 768w, https:\/\/saidtahsin.com\/fr\/wp-content\/uploads\/2024\/12\/Damascus-40s.jpg 1302w\" sizes=\"auto, (max-width: 1024px) 100vw, 1024px\" \/><\/figure>\n\n\n\n<p><strong><span class=\"highlight\"><em>La Nakba de Palestine et le Congr\u00e8s Mondial de la Paix (1948-1956)<\/em><\/span><\/strong><\/p>\n\n\n\n<figure class=\"wp-block-image size-large is-resized\"><img loading=\"lazy\" decoding=\"async\" width=\"1024\" height=\"365\" src=\"https:\/\/saidtahsin.com\/fr\/wp-content\/uploads\/2024\/12\/Palestine-1024x365.jpg\" alt=\"\" class=\"wp-image-116\" style=\"width:1200px;height:auto\" srcset=\"https:\/\/saidtahsin.com\/fr\/wp-content\/uploads\/2024\/12\/Palestine-1024x365.jpg 1024w, https:\/\/saidtahsin.com\/fr\/wp-content\/uploads\/2024\/12\/Palestine-300x107.jpg 300w, https:\/\/saidtahsin.com\/fr\/wp-content\/uploads\/2024\/12\/Palestine-768x274.jpg 768w, https:\/\/saidtahsin.com\/fr\/wp-content\/uploads\/2024\/12\/Palestine.jpg 1172w\" sizes=\"auto, (max-width: 1024px) 100vw, 1024px\" \/><\/figure>\n\n\n\n<p><strong><span class=\"highlight\"><em>L&rsquo;Agr\u00e9ssion Tripartite et l&rsquo;Union avec l&rsquo;Egypte (1956-1961)<\/em><\/span><\/strong><\/p>\n\n\n\n<figure class=\"wp-block-image size-large is-resized\"><img loading=\"lazy\" decoding=\"async\" width=\"1024\" height=\"355\" src=\"https:\/\/saidtahsin.com\/fr\/wp-content\/uploads\/2024\/12\/1956-1024x355.jpg\" alt=\"\" class=\"wp-image-117\" style=\"width:1200px;height:auto\" srcset=\"https:\/\/saidtahsin.com\/fr\/wp-content\/uploads\/2024\/12\/1956-1024x355.jpg 1024w, https:\/\/saidtahsin.com\/fr\/wp-content\/uploads\/2024\/12\/1956-300x104.jpg 300w, https:\/\/saidtahsin.com\/fr\/wp-content\/uploads\/2024\/12\/1956-768x266.jpg 768w, https:\/\/saidtahsin.com\/fr\/wp-content\/uploads\/2024\/12\/1956.jpg 1326w\" sizes=\"auto, (max-width: 1024px) 100vw, 1024px\" \/><\/figure>\n\n\n\n<p><strong><em>La \u00ab\u00a0S\u00e9paration\u00a0\u00bb de l&rsquo;Union et sa S\u00e9paration avec la Syrie<span class=\"highlight\"> (1961-1963)<\/span><\/em><\/strong><\/p>\n\n\n\n<figure class=\"wp-block-image size-large is-resized\"><img loading=\"lazy\" decoding=\"async\" width=\"1024\" height=\"391\" src=\"https:\/\/saidtahsin.com\/fr\/wp-content\/uploads\/2024\/12\/1961-1024x391.jpg\" alt=\"\" class=\"wp-image-119\" style=\"width:1200px;height:auto\" srcset=\"https:\/\/saidtahsin.com\/fr\/wp-content\/uploads\/2024\/12\/1961-1024x391.jpg 1024w, https:\/\/saidtahsin.com\/fr\/wp-content\/uploads\/2024\/12\/1961-300x115.jpg 300w, https:\/\/saidtahsin.com\/fr\/wp-content\/uploads\/2024\/12\/1961-768x293.jpg 768w, https:\/\/saidtahsin.com\/fr\/wp-content\/uploads\/2024\/12\/1961.jpg 1281w\" sizes=\"auto, (max-width: 1024px) 100vw, 1024px\" \/><\/figure>\n\n\n\n<p><strong><span class=\"highlight\"><em>L&rsquo;Asile Politique en Egypte et le Bonheur dans l&rsquo;Art (1963-1965)<\/em><\/span><\/strong><\/p>\n\n\n\n<figure class=\"wp-block-image size-large is-resized\"><img loading=\"lazy\" decoding=\"async\" width=\"1024\" height=\"358\" src=\"https:\/\/saidtahsin.com\/fr\/wp-content\/uploads\/2024\/12\/Egypt-1-1024x358.jpg\" alt=\"\" class=\"wp-image-121\" style=\"width:1200px;height:auto\" srcset=\"https:\/\/saidtahsin.com\/fr\/wp-content\/uploads\/2024\/12\/Egypt-1-1024x358.jpg 1024w, https:\/\/saidtahsin.com\/fr\/wp-content\/uploads\/2024\/12\/Egypt-1-300x105.jpg 300w, https:\/\/saidtahsin.com\/fr\/wp-content\/uploads\/2024\/12\/Egypt-1-768x269.jpg 768w, https:\/\/saidtahsin.com\/fr\/wp-content\/uploads\/2024\/12\/Egypt-1.jpg 1323w\" sizes=\"auto, (max-width: 1024px) 100vw, 1024px\" \/><\/figure>\n\n\n\n<p><strong><span class=\"highlight\"><em>La D\u00e9faite des Arabes et de ses R\u00eaves&#8230; Jusqu&rsquo;\u00e0 \u00ab\u00a0Atteindre Dieu\u00a0\u00bb (1965-1985)<\/em><\/span><\/strong><\/p>\n\n\n\n<figure class=\"wp-block-image size-large is-resized\"><img loading=\"lazy\" decoding=\"async\" width=\"1024\" height=\"390\" src=\"https:\/\/saidtahsin.com\/fr\/wp-content\/uploads\/2024\/12\/Egypt-f-1024x390.jpg\" alt=\"\" class=\"wp-image-123\" style=\"width:1200px;height:auto\" srcset=\"https:\/\/saidtahsin.com\/fr\/wp-content\/uploads\/2024\/12\/Egypt-f-1024x390.jpg 1024w, https:\/\/saidtahsin.com\/fr\/wp-content\/uploads\/2024\/12\/Egypt-f-300x114.jpg 300w, https:\/\/saidtahsin.com\/fr\/wp-content\/uploads\/2024\/12\/Egypt-f-768x293.jpg 768w, https:\/\/saidtahsin.com\/fr\/wp-content\/uploads\/2024\/12\/Egypt-f.jpg 1264w\" sizes=\"auto, (max-width: 1024px) 100vw, 1024px\" \/><\/figure>\n","protected":false},"excerpt":{"rendered":"<p>LES DIFFERENTES PERIODES DE LA VIE ET DE L&rsquo;ART DE SAID TAHSINSaid TAHSIN a v\u00e9cu en Syrie, au Liban, en [&hellip;]<\/p>\n","protected":false},"author":1,"featured_media":0,"parent":0,"menu_order":0,"comment_status":"closed","ping_status":"closed","template":"","meta":{"site-sidebar-layout":"default","site-content-layout":"","ast-site-content-layout":"","site-content-style":"default","site-sidebar-style":"default","ast-global-header-display":"","ast-banner-title-visibility":"","ast-main-header-display":"","ast-hfb-above-header-display":"","ast-hfb-below-header-display":"","ast-hfb-mobile-header-display":"","site-post-title":"","ast-breadcrumbs-content":"","ast-featured-img":"","footer-sml-layout":"","theme-transparent-header-meta":"","adv-header-id-meta":"","stick-header-meta":"","header-above-stick-meta":"","header-main-stick-meta":"","header-below-stick-meta":"","astra-migrate-meta-layouts":"default","ast-page-background-enabled":"default","ast-page-background-meta":{"desktop":{"background-color":"var(--ast-global-color-4)","background-image":"","background-repeat":"repeat","background-position":"center center","background-size":"auto","background-attachment":"scroll","background-type":"","background-media":"","overlay-type":"","overlay-color":"","overlay-opacity":"","overlay-gradient":""},"tablet":{"background-color":"","background-image":"","background-repeat":"repeat","background-position":"center center","background-size":"auto","background-attachment":"scroll","background-type":"","background-media":"","overlay-type":"","overlay-color":"","overlay-opacity":"","overlay-gradient":""},"mobile":{"background-color":"","background-image":"","background-repeat":"repeat","background-position":"center center","background-size":"auto","background-attachment":"scroll","background-type":"","background-media":"","overlay-type":"","overlay-color":"","overlay-opacity":"","overlay-gradient":""}},"ast-content-background-meta":{"desktop":{"background-color":"var(--ast-global-color-5)","background-image":"","background-repeat":"repeat","background-position":"center center","background-size":"auto","background-attachment":"scroll","background-type":"","background-media":"","overlay-type":"","overlay-color":"","overlay-opacity":"","overlay-gradient":""},"tablet":{"background-color":"var(--ast-global-color-5)","background-image":"","background-repeat":"repeat","background-position":"center center","background-size":"auto","background-attachment":"scroll","background-type":"","background-media":"","overlay-type":"","overlay-color":"","overlay-opacity":"","overlay-gradient":""},"mobile":{"background-color":"var(--ast-global-color-5)","background-image":"","background-repeat":"repeat","background-position":"center center","background-size":"auto","background-attachment":"scroll","background-type":"","background-media":"","overlay-type":"","overlay-color":"","overlay-opacity":"","overlay-gradient":""}},"_themeisle_gutenberg_block_has_review":false,"footnotes":""},"class_list":["post-77","page","type-page","status-publish","hentry"],"_links":{"self":[{"href":"https:\/\/saidtahsin.com\/fr\/wp-json\/wp\/v2\/pages\/77","targetHints":{"allow":["GET"]}}],"collection":[{"href":"https:\/\/saidtahsin.com\/fr\/wp-json\/wp\/v2\/pages"}],"about":[{"href":"https:\/\/saidtahsin.com\/fr\/wp-json\/wp\/v2\/types\/page"}],"author":[{"embeddable":true,"href":"https:\/\/saidtahsin.com\/fr\/wp-json\/wp\/v2\/users\/1"}],"replies":[{"embeddable":true,"href":"https:\/\/saidtahsin.com\/fr\/wp-json\/wp\/v2\/comments?post=77"}],"version-history":[{"count":16,"href":"https:\/\/saidtahsin.com\/fr\/wp-json\/wp\/v2\/pages\/77\/revisions"}],"predecessor-version":[{"id":199,"href":"https:\/\/saidtahsin.com\/fr\/wp-json\/wp\/v2\/pages\/77\/revisions\/199"}],"wp:attachment":[{"href":"https:\/\/saidtahsin.com\/fr\/wp-json\/wp\/v2\/media?parent=77"}],"curies":[{"name":"wp","href":"https:\/\/api.w.org\/{rel}","templated":true}]}}