{"id":88,"date":"2024-12-24T21:06:11","date_gmt":"2024-12-24T21:06:11","guid":{"rendered":"https:\/\/saidtahsin.com\/fr\/?page_id=88"},"modified":"2024-12-25T19:51:33","modified_gmt":"2024-12-25T19:51:33","slug":"art-gallery","status":"publish","type":"page","link":"https:\/\/saidtahsin.com\/fr\/art-gallery\/","title":{"rendered":"Galerie d&rsquo;Art"},"content":{"rendered":"\n<p><strong>Les STYLES ARTISTIQUES de Said TAHSIN<\/strong><\/p>\n\n\n\n<p>Autodidacte, Said Tahsin a adopt\u00e9 diff\u00e9rents styles artistiques et utilis\u00e9 diverses techniques en fonction des sujets qu&rsquo;il souhaitait peindre. Il n\u2019a jamais voulu \u00eatre un artiste commercial associ\u00e9 \u00e0 un seul style identifiable.<\/p>\n\n\n\n<p><strong><em>LES <span class=\"highlight\">AQUARELLES<\/span><\/em><\/strong><\/p>\n\n\n\n<figure class=\"wp-block-image size-large is-resized\"><img loading=\"lazy\" decoding=\"async\" width=\"1024\" height=\"461\" src=\"https:\/\/saidtahsin.com\/fr\/wp-content\/uploads\/2024\/12\/aquarelle-1024x461.jpg\" alt=\"\" class=\"wp-image-127\" style=\"width:1200px;height:auto\" srcset=\"https:\/\/saidtahsin.com\/fr\/wp-content\/uploads\/2024\/12\/aquarelle-1024x461.jpg 1024w, https:\/\/saidtahsin.com\/fr\/wp-content\/uploads\/2024\/12\/aquarelle-300x135.jpg 300w, https:\/\/saidtahsin.com\/fr\/wp-content\/uploads\/2024\/12\/aquarelle-768x346.jpg 768w, https:\/\/saidtahsin.com\/fr\/wp-content\/uploads\/2024\/12\/aquarelle.jpg 1161w\" sizes=\"auto, (max-width: 1024px) 100vw, 1024px\" \/><\/figure>\n\n\n\n<p><strong><em><span class=\"highlight\">LES PORTRAITS<\/span><\/em><\/strong><\/p>\n\n\n\n<figure class=\"wp-block-image size-large is-resized\"><img loading=\"lazy\" decoding=\"async\" width=\"1024\" height=\"347\" src=\"https:\/\/saidtahsin.com\/fr\/wp-content\/uploads\/2024\/12\/portraits-1024x347.jpg\" alt=\"\" class=\"wp-image-142\" style=\"width:1200px;height:auto\" srcset=\"https:\/\/saidtahsin.com\/fr\/wp-content\/uploads\/2024\/12\/portraits-1024x347.jpg 1024w, https:\/\/saidtahsin.com\/fr\/wp-content\/uploads\/2024\/12\/portraits-300x102.jpg 300w, https:\/\/saidtahsin.com\/fr\/wp-content\/uploads\/2024\/12\/portraits-768x261.jpg 768w, https:\/\/saidtahsin.com\/fr\/wp-content\/uploads\/2024\/12\/portraits.jpg 1294w\" sizes=\"auto, (max-width: 1024px) 100vw, 1024px\" \/><\/figure>\n\n\n\n<p><strong><em><span class=\"highlight\">LES THEMES HUMANITAIRES<\/span><\/em><\/strong><\/p>\n\n\n\n<figure class=\"wp-block-image size-large is-resized\"><img loading=\"lazy\" decoding=\"async\" width=\"1024\" height=\"469\" src=\"https:\/\/saidtahsin.com\/fr\/wp-content\/uploads\/2024\/12\/humani-1024x469.jpg\" alt=\"\" class=\"wp-image-140\" style=\"width:1200px;height:auto\" srcset=\"https:\/\/saidtahsin.com\/fr\/wp-content\/uploads\/2024\/12\/humani-1024x469.jpg 1024w, https:\/\/saidtahsin.com\/fr\/wp-content\/uploads\/2024\/12\/humani-300x137.jpg 300w, https:\/\/saidtahsin.com\/fr\/wp-content\/uploads\/2024\/12\/humani-768x351.jpg 768w, https:\/\/saidtahsin.com\/fr\/wp-content\/uploads\/2024\/12\/humani.jpg 1298w\" sizes=\"auto, (max-width: 1024px) 100vw, 1024px\" \/><\/figure>\n\n\n\n<p><strong><em><span class=\"highlight\">LES PEINTURES SPIRITUELLES A DIMENSION MYSTIQUE<\/span><\/em><\/strong><\/p>\n\n\n\n<figure class=\"wp-block-image size-large is-resized\"><img loading=\"lazy\" decoding=\"async\" width=\"1024\" height=\"479\" src=\"https:\/\/saidtahsin.com\/fr\/wp-content\/uploads\/2024\/12\/Mystical-1024x479.jpg\" alt=\"\" class=\"wp-image-138\" style=\"width:1200px;height:auto\" srcset=\"https:\/\/saidtahsin.com\/fr\/wp-content\/uploads\/2024\/12\/Mystical-1024x479.jpg 1024w, https:\/\/saidtahsin.com\/fr\/wp-content\/uploads\/2024\/12\/Mystical-300x140.jpg 300w, https:\/\/saidtahsin.com\/fr\/wp-content\/uploads\/2024\/12\/Mystical-768x359.jpg 768w, https:\/\/saidtahsin.com\/fr\/wp-content\/uploads\/2024\/12\/Mystical.jpg 1324w\" sizes=\"auto, (max-width: 1024px) 100vw, 1024px\" \/><\/figure>\n\n\n\n<p><strong><em><span class=\"highlight\">LES SCENES NATURELLES<\/span><\/em><\/strong><\/p>\n\n\n\n<figure class=\"wp-block-image size-large is-resized\"><img loading=\"lazy\" decoding=\"async\" width=\"1024\" height=\"431\" src=\"https:\/\/saidtahsin.com\/fr\/wp-content\/uploads\/2024\/12\/natural-1024x431.jpg\" alt=\"\" class=\"wp-image-136\" style=\"width:1200px;height:auto\" srcset=\"https:\/\/saidtahsin.com\/fr\/wp-content\/uploads\/2024\/12\/natural-1024x431.jpg 1024w, https:\/\/saidtahsin.com\/fr\/wp-content\/uploads\/2024\/12\/natural-300x126.jpg 300w, https:\/\/saidtahsin.com\/fr\/wp-content\/uploads\/2024\/12\/natural-768x324.jpg 768w, https:\/\/saidtahsin.com\/fr\/wp-content\/uploads\/2024\/12\/natural.jpg 1403w\" sizes=\"auto, (max-width: 1024px) 100vw, 1024px\" \/><\/figure>\n\n\n\n<p><strong><em><span class=\"highlight\">LES SOCIETES ET LES GENS<\/span><\/em><\/strong><\/p>\n\n\n\n<figure class=\"wp-block-image size-large is-resized\"><img loading=\"lazy\" decoding=\"async\" width=\"1024\" height=\"477\" src=\"https:\/\/saidtahsin.com\/fr\/wp-content\/uploads\/2024\/12\/Society-1024x477.jpg\" alt=\"\" class=\"wp-image-134\" style=\"width:1200px;height:auto\" srcset=\"https:\/\/saidtahsin.com\/fr\/wp-content\/uploads\/2024\/12\/Society-1024x477.jpg 1024w, https:\/\/saidtahsin.com\/fr\/wp-content\/uploads\/2024\/12\/Society-300x140.jpg 300w, https:\/\/saidtahsin.com\/fr\/wp-content\/uploads\/2024\/12\/Society-768x358.jpg 768w, https:\/\/saidtahsin.com\/fr\/wp-content\/uploads\/2024\/12\/Society.jpg 1446w\" sizes=\"auto, (max-width: 1024px) 100vw, 1024px\" \/><\/figure>\n\n\n\n<p><strong><em><span class=\"highlight\">LES EVENEMENTS POLITIQUES CONTEMPORAINS<\/span><\/em><\/strong><\/p>\n\n\n\n<figure class=\"wp-block-image size-large is-resized\"><img loading=\"lazy\" decoding=\"async\" width=\"1024\" height=\"353\" src=\"https:\/\/saidtahsin.com\/fr\/wp-content\/uploads\/2024\/12\/contemp-1024x353.jpg\" alt=\"\" class=\"wp-image-132\" style=\"width:1200px;height:auto\" srcset=\"https:\/\/saidtahsin.com\/fr\/wp-content\/uploads\/2024\/12\/contemp-1024x353.jpg 1024w, https:\/\/saidtahsin.com\/fr\/wp-content\/uploads\/2024\/12\/contemp-300x104.jpg 300w, https:\/\/saidtahsin.com\/fr\/wp-content\/uploads\/2024\/12\/contemp-768x265.jpg 768w, https:\/\/saidtahsin.com\/fr\/wp-content\/uploads\/2024\/12\/contemp.jpg 1382w\" sizes=\"auto, (max-width: 1024px) 100vw, 1024px\" \/><\/figure>\n\n\n\n<p><strong><em><span class=\"highlight\">L&rsquo;HERITAGE ARABE ET ISLAMIQUE<\/span><\/em><\/strong><\/p>\n\n\n\n<figure class=\"wp-block-image size-large is-resized\"><img loading=\"lazy\" decoding=\"async\" width=\"1024\" height=\"492\" src=\"https:\/\/saidtahsin.com\/fr\/wp-content\/uploads\/2024\/12\/Heritage-1024x492.jpg\" alt=\"\" class=\"wp-image-131\" style=\"width:1200px;height:auto\" srcset=\"https:\/\/saidtahsin.com\/fr\/wp-content\/uploads\/2024\/12\/Heritage-1024x492.jpg 1024w, https:\/\/saidtahsin.com\/fr\/wp-content\/uploads\/2024\/12\/Heritage-300x144.jpg 300w, https:\/\/saidtahsin.com\/fr\/wp-content\/uploads\/2024\/12\/Heritage-768x369.jpg 768w, https:\/\/saidtahsin.com\/fr\/wp-content\/uploads\/2024\/12\/Heritage.jpg 1217w\" sizes=\"auto, (max-width: 1024px) 100vw, 1024px\" \/><\/figure>\n\n\n\n<p><strong><em><span class=\"highlight\">LES NATURES MORTES<\/span><\/em><\/strong><\/p>\n\n\n\n<figure class=\"wp-block-image size-large is-resized\"><img loading=\"lazy\" decoding=\"async\" width=\"1024\" height=\"363\" src=\"https:\/\/saidtahsin.com\/fr\/wp-content\/uploads\/2024\/12\/still-1024x363.jpg\" alt=\"\" class=\"wp-image-129\" style=\"width:1200px;height:auto\" srcset=\"https:\/\/saidtahsin.com\/fr\/wp-content\/uploads\/2024\/12\/still-1024x363.jpg 1024w, https:\/\/saidtahsin.com\/fr\/wp-content\/uploads\/2024\/12\/still-300x106.jpg 300w, https:\/\/saidtahsin.com\/fr\/wp-content\/uploads\/2024\/12\/still-768x272.jpg 768w, https:\/\/saidtahsin.com\/fr\/wp-content\/uploads\/2024\/12\/still.jpg 1421w\" sizes=\"auto, (max-width: 1024px) 100vw, 1024px\" \/><\/figure>\n\n\n\n<p><strong><em><span class=\"highlight\">LES PEINTURES SUR TISSU ET SOIE<\/span><\/em><\/strong><\/p>\n\n\n\n<figure class=\"wp-block-image size-full is-resized\"><img loading=\"lazy\" decoding=\"async\" width=\"995\" height=\"371\" src=\"https:\/\/saidtahsin.com\/fr\/wp-content\/uploads\/2024\/12\/silk.jpg\" alt=\"\" class=\"wp-image-130\" style=\"width:1200px;height:auto\" srcset=\"https:\/\/saidtahsin.com\/fr\/wp-content\/uploads\/2024\/12\/silk.jpg 995w, https:\/\/saidtahsin.com\/fr\/wp-content\/uploads\/2024\/12\/silk-300x112.jpg 300w, https:\/\/saidtahsin.com\/fr\/wp-content\/uploads\/2024\/12\/silk-768x286.jpg 768w\" sizes=\"auto, (max-width: 995px) 100vw, 995px\" \/><\/figure>\n\n\n\n<p><\/p>\n","protected":false},"excerpt":{"rendered":"<p>Les STYLES ARTISTIQUES de Said TAHSIN Autodidacte, Said Tahsin a adopt\u00e9 diff\u00e9rents styles artistiques et utilis\u00e9 diverses techniques en fonction [&hellip;]<\/p>\n","protected":false},"author":1,"featured_media":0,"parent":0,"menu_order":0,"comment_status":"closed","ping_status":"closed","template":"","meta":{"site-sidebar-layout":"default","site-content-layout":"","ast-site-content-layout":"","site-content-style":"default","site-sidebar-style":"default","ast-global-header-display":"","ast-banner-title-visibility":"","ast-main-header-display":"","ast-hfb-above-header-display":"","ast-hfb-below-header-display":"","ast-hfb-mobile-header-display":"","site-post-title":"","ast-breadcrumbs-content":"","ast-featured-img":"","footer-sml-layout":"","theme-transparent-header-meta":"","adv-header-id-meta":"","stick-header-meta":"","header-above-stick-meta":"","header-main-stick-meta":"","header-below-stick-meta":"","astra-migrate-meta-layouts":"default","ast-page-background-enabled":"default","ast-page-background-meta":{"desktop":{"background-color":"var(--ast-global-color-4)","background-image":"","background-repeat":"repeat","background-position":"center center","background-size":"auto","background-attachment":"scroll","background-type":"","background-media":"","overlay-type":"","overlay-color":"","overlay-opacity":"","overlay-gradient":""},"tablet":{"background-color":"","background-image":"","background-repeat":"repeat","background-position":"center center","background-size":"auto","background-attachment":"scroll","background-type":"","background-media":"","overlay-type":"","overlay-color":"","overlay-opacity":"","overlay-gradient":""},"mobile":{"background-color":"","background-image":"","background-repeat":"repeat","background-position":"center center","background-size":"auto","background-attachment":"scroll","background-type":"","background-media":"","overlay-type":"","overlay-color":"","overlay-opacity":"","overlay-gradient":""}},"ast-content-background-meta":{"desktop":{"background-color":"var(--ast-global-color-5)","background-image":"","background-repeat":"repeat","background-position":"center center","background-size":"auto","background-attachment":"scroll","background-type":"","background-media":"","overlay-type":"","overlay-color":"","overlay-opacity":"","overlay-gradient":""},"tablet":{"background-color":"var(--ast-global-color-5)","background-image":"","background-repeat":"repeat","background-position":"center center","background-size":"auto","background-attachment":"scroll","background-type":"","background-media":"","overlay-type":"","overlay-color":"","overlay-opacity":"","overlay-gradient":""},"mobile":{"background-color":"var(--ast-global-color-5)","background-image":"","background-repeat":"repeat","background-position":"center center","background-size":"auto","background-attachment":"scroll","background-type":"","background-media":"","overlay-type":"","overlay-color":"","overlay-opacity":"","overlay-gradient":""}},"_themeisle_gutenberg_block_has_review":false,"footnotes":""},"class_list":["post-88","page","type-page","status-publish","hentry"],"_links":{"self":[{"href":"https:\/\/saidtahsin.com\/fr\/wp-json\/wp\/v2\/pages\/88","targetHints":{"allow":["GET"]}}],"collection":[{"href":"https:\/\/saidtahsin.com\/fr\/wp-json\/wp\/v2\/pages"}],"about":[{"href":"https:\/\/saidtahsin.com\/fr\/wp-json\/wp\/v2\/types\/page"}],"author":[{"embeddable":true,"href":"https:\/\/saidtahsin.com\/fr\/wp-json\/wp\/v2\/users\/1"}],"replies":[{"embeddable":true,"href":"https:\/\/saidtahsin.com\/fr\/wp-json\/wp\/v2\/comments?post=88"}],"version-history":[{"count":23,"href":"https:\/\/saidtahsin.com\/fr\/wp-json\/wp\/v2\/pages\/88\/revisions"}],"predecessor-version":[{"id":213,"href":"https:\/\/saidtahsin.com\/fr\/wp-json\/wp\/v2\/pages\/88\/revisions\/213"}],"wp:attachment":[{"href":"https:\/\/saidtahsin.com\/fr\/wp-json\/wp\/v2\/media?parent=88"}],"curies":[{"name":"wp","href":"https:\/\/api.w.org\/{rel}","templated":true}]}}