{"id":91,"date":"2024-12-24T21:07:49","date_gmt":"2024-12-24T21:07:49","guid":{"rendered":"https:\/\/saidtahsin.com\/fr\/?page_id=91"},"modified":"2026-04-02T09:57:10","modified_gmt":"2026-04-02T09:57:10","slug":"the-books","status":"publish","type":"page","link":"https:\/\/saidtahsin.com\/fr\/the-books\/","title":{"rendered":"LES LIVRES"},"content":{"rendered":"\n<p>Une recherche de trois ans men\u00e9e par Samir A\u00efta, petit-fils de Said Tahsin, a abouti \u00e0 un projet de deux ouvrages rendant hommage \u00e0 l\u2019h\u00e9ritage de Said Tahsin :<\/p>\n\n\n\n<p><strong>Un livre d\u2019art<\/strong>, pr\u00e9sentant des images d\u2019environ 200 peintures de Said Tahsin d\u00e9couvertes au cours des recherches dans des mus\u00e9es (Damas, Qatar, Sharjah), des galeries d\u2019art, ainsi que des collections familiales et priv\u00e9es.<\/p>\n\n\n\n<p><strong>Un livre de m\u00e9moires<\/strong>, reproduisant des \u00e9l\u00e9ments des m\u00e9moires et des journaux qu\u2019il a laiss\u00e9s dans 14 carnets, accompagn\u00e9s d\u2019images de projets de peintures. Ces m\u00e9moires retracent ses impressions sur les \u00e9v\u00e9nements historiques et politiques qu\u2019il a v\u00e9cus, de la Premi\u00e8re Guerre mondiale jusqu\u2019en 1985.<\/p>\n\n\n\n<div class=\"wp-block-columns is-layout-flex wp-container-core-columns-is-layout-28f84493 wp-block-columns-is-layout-flex\">\n<div class=\"wp-block-column is-layout-flow wp-block-column-is-layout-flow\" style=\"flex-basis:66.66%\">\n<p><em>Je me souviens avec tendresse de mon grand-p\u00e8re, Said Tahsin, avec qui j&rsquo;ai partag\u00e9 de nombreux pr\u00e9cieux moments remontant \u00e0 mon enfance \u00e0 Damas. Lorsqu&rsquo;il a trouv\u00e9 refuge en \u00c9gypte, notre lien s&rsquo;est renforc\u00e9 gr\u00e2ce aux visites annuelles que ma m\u00e8re, mon fr\u00e8re, ma s\u0153ur et moi lui rendions pour passer du temps avec lui. En tant qu&rsquo;a\u00een\u00e9 de mes fr\u00e8res et s\u0153urs, il m&#8217;emmenait souvent d\u00e9couvrir les Jardins d&rsquo;Orman et ceux du Zoo du Caire. Lors de ces sorties, il me parlait d&rsquo;intellectuels, de politiciens, d&rsquo;\u0153uvres d&rsquo;art et de l&rsquo;histoire de notre nation. Parfois, nous nous rendions \u00e0 Al-Azhar ou visitions les monuments fatimides et mamelouks du Caire, o\u00f9 il m&rsquo;expliquait leur splendeur, souvent m\u00e9connue de ceux qui se concentrent uniquement sur le patrimoine pharaonique de l&rsquo;\u00c9gypte.<br>Je garde un souvenir \u00e9mu des moments pass\u00e9s \u00e0 ses c\u00f4t\u00e9s sur le balcon de sa maison, \u00e0 le regarder peindre ou lire avec passion. M\u00eame lorsque je suis parti en France pour poursuivre mes \u00e9tudes et entamer ma carri\u00e8re, j\u2019ai continu\u00e9 \u00e0 lui rendre visite r\u00e9guli\u00e8rement. Malheureusement, nos pr\u00e9cieux moments se sont brutalement interrompus lorsqu\u2019il est retourn\u00e9 \u00e0 Damas et est d\u00e9c\u00e9d\u00e9 avant que je ne puisse lui dire un dernier adieu.<\/em><br>Samir AITA<\/p>\n<\/div>\n\n\n\n<div class=\"wp-block-column is-layout-flow wp-block-column-is-layout-flow\" style=\"flex-basis:33.33%\">\n<figure class=\"wp-block-image size-full\"><img loading=\"lazy\" decoding=\"async\" width=\"332\" height=\"316\" src=\"https:\/\/saidtahsin.com\/fr\/wp-content\/uploads\/2024\/12\/\u0645\u0639\u0647-2.jpg\" alt=\"\" class=\"wp-image-167\" srcset=\"https:\/\/saidtahsin.com\/fr\/wp-content\/uploads\/2024\/12\/\u0645\u0639\u0647-2.jpg 332w, https:\/\/saidtahsin.com\/fr\/wp-content\/uploads\/2024\/12\/\u0645\u0639\u0647-2-300x286.jpg 300w\" sizes=\"auto, (max-width: 332px) 100vw, 332px\" \/><\/figure>\n<\/div>\n<\/div>\n\n\n\n<div class=\"wp-block-columns is-layout-flex wp-container-core-columns-is-layout-28f84493 wp-block-columns-is-layout-flex\">\n<div class=\"wp-block-column is-layout-flow wp-block-column-is-layout-flow\">\n<p><strong><strong>LE LIVRE D\u2019ART<\/strong><\/strong><\/p>\n\n\n\n<p>Le <strong>Livre d\u2019Art<\/strong> sur <em>Said Tahsin (<strong>l\u2019Artiste et l\u2019Homme<\/strong>)<\/em> pr\u00e9sente environ 200 peintures organis\u00e9es par th\u00e9matiques : Aquarelles, Portraits, Sujets Humanitaire, Mystique Spirituelle, Sc\u00e8nes Naturelles, Soci\u00e9t\u00e9 et Peuple, Vie Politique Contemporaine, Patrimoine Arabe et Islamique, Natures Mortes, ainsi que Peintures sur Tissus et Soie.<\/p>\n\n\n\n<p>Le livre, r\u00e9dig\u00e9 en anglais et en arabe, inclut des explications sur le contexte des \u0153uvres et les r\u00e9flexions personnelles de Said Tahsin derri\u00e8re certaines d\u2019entre elles.<\/p>\n\n\n\n<p>Le format du livre est de L 240 mm x H 315 mm, avec environ 224 pages en couleur, reliure rigide et couverture luxueuse.<\/p>\n\n\n\n<figure class=\"wp-block-image size-full is-resized\"><img loading=\"lazy\" decoding=\"async\" width=\"555\" height=\"727\" src=\"https:\/\/saidtahsin.com\/fr\/wp-content\/uploads\/2024\/12\/summary-art.jpg\" alt=\"\" class=\"wp-image-103\" style=\"width:402px;height:auto\" srcset=\"https:\/\/saidtahsin.com\/fr\/wp-content\/uploads\/2024\/12\/summary-art.jpg 555w, https:\/\/saidtahsin.com\/fr\/wp-content\/uploads\/2024\/12\/summary-art-229x300.jpg 229w\" sizes=\"auto, (max-width: 555px) 100vw, 555px\" \/><\/figure>\n<\/div>\n\n\n\n<div class=\"wp-block-column is-layout-flow wp-block-column-is-layout-flow\">\n<figure class=\"wp-block-image size-full\"><img decoding=\"async\" src=\"https:\/\/saidtahsin.com\/fr\/wp-content\/uploads\/2024\/12\/cover-art.jpg\" alt=\"\" class=\"wp-image-102\"\/><\/figure>\n<\/div>\n<\/div>\n\n\n\n<figure class=\"wp-block-image size-large is-resized\"><img loading=\"lazy\" decoding=\"async\" width=\"1024\" height=\"624\" src=\"https:\/\/saidtahsin.com\/fr\/wp-content\/uploads\/2024\/12\/Art-book-Chapter-1024x624.jpg\" alt=\"\" class=\"wp-image-104\" style=\"width:1200px;height:auto\" srcset=\"https:\/\/saidtahsin.com\/fr\/wp-content\/uploads\/2024\/12\/Art-book-Chapter-1024x624.jpg 1024w, https:\/\/saidtahsin.com\/fr\/wp-content\/uploads\/2024\/12\/Art-book-Chapter-300x183.jpg 300w, https:\/\/saidtahsin.com\/fr\/wp-content\/uploads\/2024\/12\/Art-book-Chapter-768x468.jpg 768w, https:\/\/saidtahsin.com\/fr\/wp-content\/uploads\/2024\/12\/Art-book-Chapter.jpg 1211w\" sizes=\"auto, (max-width: 1024px) 100vw, 1024px\" \/><\/figure>\n\n\n\n<div class=\"wp-block-columns is-layout-flex wp-container-core-columns-is-layout-28f84493 wp-block-columns-is-layout-flex\">\n<div class=\"wp-block-column is-layout-flow wp-block-column-is-layout-flow\">\n<p><strong>Le LIVRE DES MEMOIRES<\/strong><\/p>\n\n\n\n<p>Le <strong>Livre des M\u00e9moires<\/strong> de <em>Said Tahsin (<strong>l\u2019Homme et l\u2019Artiste<\/strong>)<\/em> reproduit les m\u00e9moires et journaux intimes de Said Tahsin, r\u00e9dig\u00e9s \u00e0 partir du milieu des ann\u00e9es 1950. Il parcourt les diff\u00e9rentes p\u00e9riodes de sa vie : ses premi\u00e8res ann\u00e9es \u00e0 Damas (1904-1925) ; Beyrouth (1925-1928) ; retour \u00e0 Damas (1928-1932) ; Bagdad (1934-1941) ; retour en Syrie (1941-1948) ; la Nakba palestinienne et le Conseil Mondial de la Paix (1948-1956) ; la guerre de Suez et l\u2019Union de la Syrie et de l\u2019\u00c9gypte (1956-1961) ; l\u2019\u00e9chec de l\u2019Union et sa demande d\u2019asile en \u00c9gypte (1961-1963) ; l\u2019\u00c9gypte et son bonheur dans une vie artistique (1963-1965) ; et les ann\u00e9es de la Naksa et la d\u00e9ception jusqu\u2019\u00e0 \u00ab\u00a0atteindre Dieu\u00a0\u00bb (1965-1985).<\/p>\n\n\n\n<p>Ce livre, uniquement en arabe, retrace les \u00e9v\u00e9nements qui ont influenc\u00e9 les choix et les pens\u00e9es de Said Tahsin sur l\u2019humanit\u00e9, le patrimoine, la politique contemporaine, la religion et la mystique. Les \u00e9v\u00e9nements et personnalit\u00e9s mentionn\u00e9s sont abondamment document\u00e9s.<\/p>\n\n\n\n<p>Le format du livre est de L 240 mm x H 315 mm, avec environ 310 pages en couleur et une couverture souple.<\/p>\n\n\n\n<figure class=\"wp-block-image size-full\"><img loading=\"lazy\" decoding=\"async\" width=\"588\" height=\"688\" src=\"https:\/\/saidtahsin.com\/fr\/wp-content\/uploads\/2024\/12\/Memoir-book-summary.jpg\" alt=\"\" class=\"wp-image-107\" srcset=\"https:\/\/saidtahsin.com\/fr\/wp-content\/uploads\/2024\/12\/Memoir-book-summary.jpg 588w, https:\/\/saidtahsin.com\/fr\/wp-content\/uploads\/2024\/12\/Memoir-book-summary-256x300.jpg 256w\" sizes=\"auto, (max-width: 588px) 100vw, 588px\" \/><\/figure>\n<\/div>\n\n\n\n<div class=\"wp-block-column is-layout-flow wp-block-column-is-layout-flow\">\n<figure class=\"wp-block-image size-full\"><img loading=\"lazy\" decoding=\"async\" width=\"743\" height=\"928\" src=\"https:\/\/saidtahsin.com\/fr\/wp-content\/uploads\/2024\/12\/Memoir-book-cover.jpg\" alt=\"\" class=\"wp-image-106\" srcset=\"https:\/\/saidtahsin.com\/fr\/wp-content\/uploads\/2024\/12\/Memoir-book-cover.jpg 743w, https:\/\/saidtahsin.com\/fr\/wp-content\/uploads\/2024\/12\/Memoir-book-cover-240x300.jpg 240w\" sizes=\"auto, (max-width: 743px) 100vw, 743px\" \/><\/figure>\n\n\n\n<figure class=\"wp-block-image size-full\"><img loading=\"lazy\" decoding=\"async\" width=\"594\" height=\"439\" src=\"https:\/\/saidtahsin.com\/fr\/wp-content\/uploads\/2024\/12\/memoirs.jpg\" alt=\"\" class=\"wp-image-108\" srcset=\"https:\/\/saidtahsin.com\/fr\/wp-content\/uploads\/2024\/12\/memoirs.jpg 594w, https:\/\/saidtahsin.com\/fr\/wp-content\/uploads\/2024\/12\/memoirs-300x222.jpg 300w\" sizes=\"auto, (max-width: 594px) 100vw, 594px\" \/><\/figure>\n<\/div>\n<\/div>\n\n\n\n<figure class=\"wp-block-image size-large is-resized\"><img loading=\"lazy\" decoding=\"async\" width=\"1024\" height=\"629\" src=\"https:\/\/saidtahsin.com\/fr\/wp-content\/uploads\/2024\/12\/Memoirs-page-1-1024x629.jpg\" alt=\"\" class=\"wp-image-110\" style=\"width:1200px;height:auto\" srcset=\"https:\/\/saidtahsin.com\/fr\/wp-content\/uploads\/2024\/12\/Memoirs-page-1-1024x629.jpg 1024w, https:\/\/saidtahsin.com\/fr\/wp-content\/uploads\/2024\/12\/Memoirs-page-1-300x184.jpg 300w, https:\/\/saidtahsin.com\/fr\/wp-content\/uploads\/2024\/12\/Memoirs-page-1-768x472.jpg 768w, https:\/\/saidtahsin.com\/fr\/wp-content\/uploads\/2024\/12\/Memoirs-page-1.jpg 1477w\" sizes=\"auto, (max-width: 1024px) 100vw, 1024px\" \/><\/figure>\n\n\n\n<figure class=\"wp-block-image size-large is-resized\"><img loading=\"lazy\" decoding=\"async\" width=\"1024\" height=\"651\" src=\"https:\/\/saidtahsin.com\/fr\/wp-content\/uploads\/2024\/12\/Memoirs-page-2-1024x651.jpg\" alt=\"\" class=\"wp-image-111\" style=\"width:1200px;height:auto\" srcset=\"https:\/\/saidtahsin.com\/fr\/wp-content\/uploads\/2024\/12\/Memoirs-page-2-1024x651.jpg 1024w, https:\/\/saidtahsin.com\/fr\/wp-content\/uploads\/2024\/12\/Memoirs-page-2-300x191.jpg 300w, https:\/\/saidtahsin.com\/fr\/wp-content\/uploads\/2024\/12\/Memoirs-page-2-768x488.jpg 768w, https:\/\/saidtahsin.com\/fr\/wp-content\/uploads\/2024\/12\/Memoirs-page-2.jpg 1426w\" sizes=\"auto, (max-width: 1024px) 100vw, 1024px\" \/><\/figure>\n\n\n\n<p><strong><em>Auteur &amp; Editeur: Samir AITA<\/em><\/strong><\/p>\n\n\n\n<p><strong><em><strong>Directeur de la cr\u00e9ation du Projet :<\/strong> Bilal Bassal<br><strong>Direction Artistique du Livre d&rsquo;Art :<\/strong> Bilal Bassal<br><strong>Direction Artistique du Livre de M\u00e9moires :<\/strong> Zeina Al Salkini<\/em><\/strong><\/p>\n\n\n\n<p><\/p>\n","protected":false},"excerpt":{"rendered":"<p>Une recherche de trois ans men\u00e9e par Samir A\u00efta, petit-fils de Said Tahsin, a abouti \u00e0 un projet de deux [&hellip;]<\/p>\n","protected":false},"author":1,"featured_media":21,"parent":0,"menu_order":0,"comment_status":"closed","ping_status":"closed","template":"","meta":{"site-sidebar-layout":"default","site-content-layout":"","ast-site-content-layout":"","site-content-style":"default","site-sidebar-style":"default","ast-global-header-display":"","ast-banner-title-visibility":"","ast-main-header-display":"","ast-hfb-above-header-display":"","ast-hfb-below-header-display":"","ast-hfb-mobile-header-display":"","site-post-title":"","ast-breadcrumbs-content":"","ast-featured-img":"","footer-sml-layout":"","theme-transparent-header-meta":"","adv-header-id-meta":"","stick-header-meta":"","header-above-stick-meta":"","header-main-stick-meta":"","header-below-stick-meta":"","astra-migrate-meta-layouts":"default","ast-page-background-enabled":"default","ast-page-background-meta":{"desktop":{"background-color":"var(--ast-global-color-4)","background-image":"","background-repeat":"repeat","background-position":"center center","background-size":"auto","background-attachment":"scroll","background-type":"","background-media":"","overlay-type":"","overlay-color":"","overlay-opacity":"","overlay-gradient":""},"tablet":{"background-color":"","background-image":"","background-repeat":"repeat","background-position":"center center","background-size":"auto","background-attachment":"scroll","background-type":"","background-media":"","overlay-type":"","overlay-color":"","overlay-opacity":"","overlay-gradient":""},"mobile":{"background-color":"","background-image":"","background-repeat":"repeat","background-position":"center center","background-size":"auto","background-attachment":"scroll","background-type":"","background-media":"","overlay-type":"","overlay-color":"","overlay-opacity":"","overlay-gradient":""}},"ast-content-background-meta":{"desktop":{"background-color":"var(--ast-global-color-5)","background-image":"","background-repeat":"repeat","background-position":"center center","background-size":"auto","background-attachment":"scroll","background-type":"","background-media":"","overlay-type":"","overlay-color":"","overlay-opacity":"","overlay-gradient":""},"tablet":{"background-color":"var(--ast-global-color-5)","background-image":"","background-repeat":"repeat","background-position":"center center","background-size":"auto","background-attachment":"scroll","background-type":"","background-media":"","overlay-type":"","overlay-color":"","overlay-opacity":"","overlay-gradient":""},"mobile":{"background-color":"var(--ast-global-color-5)","background-image":"","background-repeat":"repeat","background-position":"center center","background-size":"auto","background-attachment":"scroll","background-type":"","background-media":"","overlay-type":"","overlay-color":"","overlay-opacity":"","overlay-gradient":""}},"_themeisle_gutenberg_block_has_review":false,"footnotes":""},"class_list":["post-91","page","type-page","status-publish","has-post-thumbnail","hentry"],"_links":{"self":[{"href":"https:\/\/saidtahsin.com\/fr\/wp-json\/wp\/v2\/pages\/91","targetHints":{"allow":["GET"]}}],"collection":[{"href":"https:\/\/saidtahsin.com\/fr\/wp-json\/wp\/v2\/pages"}],"about":[{"href":"https:\/\/saidtahsin.com\/fr\/wp-json\/wp\/v2\/types\/page"}],"author":[{"embeddable":true,"href":"https:\/\/saidtahsin.com\/fr\/wp-json\/wp\/v2\/users\/1"}],"replies":[{"embeddable":true,"href":"https:\/\/saidtahsin.com\/fr\/wp-json\/wp\/v2\/comments?post=91"}],"version-history":[{"count":20,"href":"https:\/\/saidtahsin.com\/fr\/wp-json\/wp\/v2\/pages\/91\/revisions"}],"predecessor-version":[{"id":260,"href":"https:\/\/saidtahsin.com\/fr\/wp-json\/wp\/v2\/pages\/91\/revisions\/260"}],"wp:featuredmedia":[{"embeddable":true,"href":"https:\/\/saidtahsin.com\/fr\/wp-json\/wp\/v2\/media\/21"}],"wp:attachment":[{"href":"https:\/\/saidtahsin.com\/fr\/wp-json\/wp\/v2\/media?parent=91"}],"curies":[{"name":"wp","href":"https:\/\/api.w.org\/{rel}","templated":true}]}}